{"id":5354,"date":"2025-04-19T14:29:34","date_gmt":"2025-04-19T14:29:34","guid":{"rendered":"https:\/\/magtopets.cl\/?post_type=product&#038;p=5354"},"modified":"2025-04-19T21:59:14","modified_gmt":"2025-04-19T21:59:14","slug":"acomer-naturals-perro-adulto-22kg","status":"publish","type":"product","link":"https:\/\/magtopets.cl\/index.php\/product\/acomer-naturals-perro-adulto-22kg\/","title":{"rendered":"Acomer Naturals Perro Adulto carne y cereales 25Kg"},"content":{"rendered":"","protected":false},"excerpt":{"rendered":"<p><em><strong>Acomer Adultos<\/strong><\/em>\u00a0contiene Omega 3 \u2013 6 y un 25% de prote\u00ednas, que mejoran el sistema inmunol\u00f3gico, nervioso y cardiovascular, mejoras las articulaciones, proporciona un pelaje m\u00e1s brillante y piel m\u00e1s sana. Adem\u00e1s previene enfermedades al\u00e9rgicas y reum\u00e1ticas.<\/p>\n","protected":false},"featured_media":5364,"comment_status":"open","ping_status":"closed","template":"","meta":{"_acf_changed":false},"product_brand":[],"product_cat":[15],"product_tag":[],"class_list":{"0":"post-5354","1":"product","2":"type-product","3":"status-publish","4":"has-post-thumbnail","6":"product_cat-alimentos-perros","8":"first","9":"instock","10":"shipping-taxable","11":"product-type-simple"},"acf":[],"_links":{"self":[{"href":"https:\/\/magtopets.cl\/index.php\/wp-json\/wp\/v2\/product\/5354","targetHints":{"allow":["GET"]}}],"collection":[{"href":"https:\/\/magtopets.cl\/index.php\/wp-json\/wp\/v2\/product"}],"about":[{"href":"https:\/\/magtopets.cl\/index.php\/wp-json\/wp\/v2\/types\/product"}],"replies":[{"embeddable":true,"href":"https:\/\/magtopets.cl\/index.php\/wp-json\/wp\/v2\/comments?post=5354"}],"wp:featuredmedia":[{"embeddable":true,"href":"https:\/\/magtopets.cl\/index.php\/wp-json\/wp\/v2\/media\/5364"}],"wp:attachment":[{"href":"https:\/\/magtopets.cl\/index.php\/wp-json\/wp\/v2\/media?parent=5354"}],"wp:term":[{"taxonomy":"product_brand","embeddable":true,"href":"https:\/\/magtopets.cl\/index.php\/wp-json\/wp\/v2\/product_brand?post=5354"},{"taxonomy":"product_cat","embeddable":true,"href":"https:\/\/magtopets.cl\/index.php\/wp-json\/wp\/v2\/product_cat?post=5354"},{"taxonomy":"product_tag","embeddable":true,"href":"https:\/\/magtopets.cl\/index.php\/wp-json\/wp\/v2\/product_tag?post=5354"}],"curies":[{"name":"wp","href":"https:\/\/api.w.org\/{rel}","templated":true}]}}